{"id":453,"date":"2023-05-19T19:48:36","date_gmt":"2023-05-19T17:48:36","guid":{"rendered":"https:\/\/www.rentacar-center.at\/?page_id=453"},"modified":"2023-05-31T13:24:31","modified_gmt":"2023-05-31T11:24:31","slug":"info-zur-autovermietung","status":"publish","type":"page","link":"https:\/\/www.rentacar-center.at\/en\/info-zur-autovermietung\/","title":{"rendered":"Info on Car Rental"},"content":{"rendered":"<h2>Renting a car at the Rent a Car Center is easy and transparent.<\/h2>\n<h3>Rental Duration<\/h3>\n<p>If you rent a car and return it on the same day, the daily rate will be charged. If you return the car on the next day or at a later time, the billing will be done in 24-hour increments. Please note that an additional day will be charged if you return the car after more than 24 hours from the time of pickup.<\/p>\n<p>Specify the time of vehicle return that is either before or equal to the pickup time. Otherwise, an additional daily rate and insurance costs will be charged.<\/p>\n<p>Rent A Car Center is flexible. If you return the vehicle within 25 hours, that's not a problem. However, please note that there may be additional charges for late returns.<\/p>\n<p>&nbsp;<\/p>\n<h3>Insurance<\/h3>\n<p>All vehicles have liability insurance<\/p>\n<p>Fully comprehensive insurance per day \u20ac 20 (except special)<\/p>\n<p>Deductible \u20ac 300 to \u20ac 500 depending on vehicle type (except special)<\/p>\n<p>&nbsp;<\/p>\n<h3>Our payment options<\/h3>\n<p>At Rentacar, we offer various payment options for vehicle rentals to provide you with maximum flexibility.<\/p>\n<p><img loading=\"lazy\" decoding=\"async\" src=\"https:\/\/www.rentacar-center.at\/wp-content\/uploads\/2023\/05\/zahlung-1.png\" alt=\"Zahlung\" width=\"270\" height=\"189\" \/>You can make your payment either by credit card, bank transfer or cash on site. We accept major credit cards such as Visa and Mastercard. Please note that depending on the payment method chosen, certain conditions may apply.<\/p>\n<p>Our staff is available to assist you in selecting the appropriate payment option.<\/p>\n<p>This way, you can conveniently and easily pay for your rental car and enjoy your trip stress-free.<\/p>\n<p>&nbsp;<\/p>\n<h3>Right of withdrawal<\/h3>\n<p>You have the right to revoke your reservation within 14 days without giving any reasons. The withdrawal period begins after you have sent your reservation via our website.<\/p>\n<p>To exercise your right of withdrawal, you must inform us in writing of your decision to withdraw from the contract. This can be done by means of a clear statement, for example, by post or email.<\/p>\n<p>Please send the written revocation by post to:<\/p>\nRent a Car Center<br \/>\nMs. Dekaj Mendime<br \/>\nBrucker Bundesstrasse 13<br \/>\n5700 Zell am See\n<p>Alternatively, you can also send us a written revocation statement by email to office@rentacar-center.at. <a href=\"mailto:office@rentacar-center.at\">office@rentacar-center.at<\/a> senden.<\/p>\n<p>Consequences of the withdrawal<\/p>\n<p>If you withdraw from the contract, we will refund all payments we have received from you.<\/p>\n<p>For the refund, we will use the same payment method that you used for the original transaction.<\/p>\n<p>&nbsp;<\/p>\n<h3>Do you have questions?<\/h3>\n<p>Don't hesitate to <a href=\"https:\/\/www.rentacar-center.at\/en\/kontakt\/\">contact us with any questions<\/a>. We are happy to help!<\/p>","protected":false},"excerpt":{"rendered":"<p>Die Anmietung eines Autos beim Rent a Car Center ist einfach und transparent. Mietdauer Wenn Sie ein Auto mieten und es am selben Tag zur\u00fcckgeben, wird der Tagespreis berechnet. Wenn Sie das Auto erst am n\u00e4chsten Tag oder zu einem sp\u00e4teren Zeitpunkt zur\u00fcckgeben, erfolgt die Abrechnung im 24-Stunden-Takt. Beachten Sie, dass ein zus\u00e4tzlicher Tag berechnet [&hellip;]<\/p>\n","protected":false},"author":1,"featured_media":0,"parent":0,"menu_order":0,"comment_status":"closed","ping_status":"closed","template":"","meta":{"_acf_changed":false,"site-sidebar-layout":"no-sidebar","site-content-layout":"page-builder","ast-site-content-layout":"default","site-content-style":"default","site-sidebar-style":"default","ast-global-header-display":"","ast-banner-title-visibility":"","ast-main-header-display":"","ast-hfb-above-header-display":"","ast-hfb-below-header-display":"","ast-hfb-mobile-header-display":"","site-post-title":"disabled","ast-breadcrumbs-content":"","ast-featured-img":"disabled","footer-sml-layout":"","ast-disable-related-posts":"","theme-transparent-header-meta":"default","adv-header-id-meta":"","stick-header-meta":"default","header-above-stick-meta":"","header-main-stick-meta":"","header-below-stick-meta":"","astra-migrate-meta-layouts":"default","ast-page-background-enabled":"default","ast-page-background-meta":{"desktop":{"background-color":"var(--ast-global-color-4)","background-image":"","background-repeat":"repeat","background-position":"center center","background-size":"auto","background-attachment":"scroll","background-type":"","background-media":"","overlay-type":"","overlay-color":"","overlay-opacity":"","overlay-gradient":""},"tablet":{"background-color":"","background-image":"","background-repeat":"repeat","background-position":"center center","background-size":"auto","background-attachment":"scroll","background-type":"","background-media":"","overlay-type":"","overlay-color":"","overlay-opacity":"","overlay-gradient":""},"mobile":{"background-color":"","background-image":"","background-repeat":"repeat","background-position":"center center","background-size":"auto","background-attachment":"scroll","background-type":"","background-media":"","overlay-type":"","overlay-color":"","overlay-opacity":"","overlay-gradient":""}},"ast-content-background-meta":{"desktop":{"background-color":"var(--ast-global-color-5)","background-image":"","background-repeat":"repeat","background-position":"center center","background-size":"auto","background-attachment":"scroll","background-type":"","background-media":"","overlay-type":"","overlay-color":"","overlay-opacity":"","overlay-gradient":""},"tablet":{"background-color":"var(--ast-global-color-5)","background-image":"","background-repeat":"repeat","background-position":"center center","background-size":"auto","background-attachment":"scroll","background-type":"","background-media":"","overlay-type":"","overlay-color":"","overlay-opacity":"","overlay-gradient":""},"mobile":{"background-color":"var(--ast-global-color-5)","background-image":"","background-repeat":"repeat","background-position":"center center","background-size":"auto","background-attachment":"scroll","background-type":"","background-media":"","overlay-type":"","overlay-color":"","overlay-opacity":"","overlay-gradient":""}},"footnotes":""},"class_list":["post-453","page","type-page","status-publish","hentry"],"acf":[],"_links":{"self":[{"href":"https:\/\/www.rentacar-center.at\/en\/wp-json\/wp\/v2\/pages\/453","targetHints":{"allow":["GET"]}}],"collection":[{"href":"https:\/\/www.rentacar-center.at\/en\/wp-json\/wp\/v2\/pages"}],"about":[{"href":"https:\/\/www.rentacar-center.at\/en\/wp-json\/wp\/v2\/types\/page"}],"author":[{"embeddable":true,"href":"https:\/\/www.rentacar-center.at\/en\/wp-json\/wp\/v2\/users\/1"}],"replies":[{"embeddable":true,"href":"https:\/\/www.rentacar-center.at\/en\/wp-json\/wp\/v2\/comments?post=453"}],"version-history":[{"count":0,"href":"https:\/\/www.rentacar-center.at\/en\/wp-json\/wp\/v2\/pages\/453\/revisions"}],"wp:attachment":[{"href":"https:\/\/www.rentacar-center.at\/en\/wp-json\/wp\/v2\/media?parent=453"}],"curies":[{"name":"wp","href":"https:\/\/api.w.org\/{rel}","templated":true}]}}