{"id":409,"date":"2023-05-17T18:32:38","date_gmt":"2023-05-17T16:32:38","guid":{"rendered":"https:\/\/www.rentacar-center.at\/?page_id=409"},"modified":"2023-05-18T17:30:46","modified_gmt":"2023-05-18T15:30:46","slug":"zahlungsarten","status":"publish","type":"page","link":"https:\/\/www.rentacar-center.at\/en\/zahlungsarten\/","title":{"rendered":"Payment Methods"},"content":{"rendered":"<h2>Our payment options<\/h2>\n<p>At Rentacar, we offer various payment options for vehicle rentals to provide you with maximum flexibility.<\/p>\n<p>You can make your payment either by credit card, bank transfer, or in cash on-site.<\/p>\n<p>We accept popular credit cards such as Visa, Mastercard, and American Express. Please note that certain conditions may apply depending on the chosen payment method.<\/p>\n<p>Our staff is available to assist you in selecting the appropriate payment option.<\/p>\n<p>This way, you can conveniently and easily pay for your rental car and enjoy your trip stress-free.<\/p>\n\t<p><img loading=\"lazy\" decoding=\"async\" src=\"https:\/\/www.rentacar-center.at\/wp-content\/uploads\/2023\/05\/7-300x67.png\" alt=\"\" width=\"300\" height=\"67\" \/><\/p>\n\t<p><img loading=\"lazy\" decoding=\"async\" src=\"https:\/\/www.rentacar-center.at\/wp-content\/uploads\/2023\/05\/Visa-1-300x97.png\" alt=\"\" width=\"300\" height=\"97\" \/><\/p>\n\t<p><img loading=\"lazy\" decoding=\"async\" src=\"https:\/\/www.rentacar-center.at\/wp-content\/uploads\/2023\/05\/Sofortueberweisung-300x96.png\" alt=\"\" width=\"300\" height=\"96\" \/><\/p>\n\t<p><img loading=\"lazy\" decoding=\"async\" src=\"https:\/\/www.rentacar-center.at\/wp-content\/uploads\/2023\/05\/securecode.png\" alt=\"\" width=\"284\" height=\"100\" \/><\/p>\n\t<p><img loading=\"lazy\" decoding=\"async\" src=\"https:\/\/www.rentacar-center.at\/wp-content\/uploads\/2023\/05\/8.png\" alt=\"\" width=\"300\" height=\"110\" \/><\/p>","protected":false},"excerpt":{"rendered":"<p>Unsere Zahlungsm\u00f6glichkeiten Bei Rentacar bieten wir verschiedene Zahlungsm\u00f6glichkeiten f\u00fcr die Fahrzeugmiete an, um Ihnen gr\u00f6\u00dftm\u00f6gliche Flexibilit\u00e4t zu bieten. Sie k\u00f6nnen Ihre Zahlung entweder per Kreditkarte, Bank\u00fcberweisung oder in bar vor Ort vornehmen. Wir akzeptieren g\u00e4ngige Kreditkarten wie Visa, Mastercard und American Express. Bitte beachten Sie, dass je nach gew\u00e4hlter Zahlungsmethode bestimmte Bedingungen gelten k\u00f6nnen. Unsere [&hellip;]<\/p>\n","protected":false},"author":1,"featured_media":0,"parent":0,"menu_order":0,"comment_status":"closed","ping_status":"closed","template":"","meta":{"_acf_changed":false,"site-sidebar-layout":"default","site-content-layout":"default","ast-site-content-layout":"default","site-content-style":"default","site-sidebar-style":"default","ast-global-header-display":"","ast-banner-title-visibility":"","ast-main-header-display":"","ast-hfb-above-header-display":"","ast-hfb-below-header-display":"","ast-hfb-mobile-header-display":"","site-post-title":"","ast-breadcrumbs-content":"","ast-featured-img":"","footer-sml-layout":"","ast-disable-related-posts":"","theme-transparent-header-meta":"default","adv-header-id-meta":"","stick-header-meta":"default","header-above-stick-meta":"","header-main-stick-meta":"","header-below-stick-meta":"","astra-migrate-meta-layouts":"default","ast-page-background-enabled":"default","ast-page-background-meta":{"desktop":{"background-color":"var(--ast-global-color-4)","background-image":"","background-repeat":"repeat","background-position":"center center","background-size":"auto","background-attachment":"scroll","background-type":"","background-media":"","overlay-type":"","overlay-color":"","overlay-opacity":"","overlay-gradient":""},"tablet":{"background-color":"","background-image":"","background-repeat":"repeat","background-position":"center center","background-size":"auto","background-attachment":"scroll","background-type":"","background-media":"","overlay-type":"","overlay-color":"","overlay-opacity":"","overlay-gradient":""},"mobile":{"background-color":"","background-image":"","background-repeat":"repeat","background-position":"center center","background-size":"auto","background-attachment":"scroll","background-type":"","background-media":"","overlay-type":"","overlay-color":"","overlay-opacity":"","overlay-gradient":""}},"ast-content-background-meta":{"desktop":{"background-color":"var(--ast-global-color-5)","background-image":"","background-repeat":"repeat","background-position":"center center","background-size":"auto","background-attachment":"scroll","background-type":"","background-media":"","overlay-type":"","overlay-color":"","overlay-opacity":"","overlay-gradient":""},"tablet":{"background-color":"var(--ast-global-color-5)","background-image":"","background-repeat":"repeat","background-position":"center center","background-size":"auto","background-attachment":"scroll","background-type":"","background-media":"","overlay-type":"","overlay-color":"","overlay-opacity":"","overlay-gradient":""},"mobile":{"background-color":"var(--ast-global-color-5)","background-image":"","background-repeat":"repeat","background-position":"center center","background-size":"auto","background-attachment":"scroll","background-type":"","background-media":"","overlay-type":"","overlay-color":"","overlay-opacity":"","overlay-gradient":""}},"footnotes":""},"class_list":["post-409","page","type-page","status-publish","hentry"],"acf":[],"_links":{"self":[{"href":"https:\/\/www.rentacar-center.at\/en\/wp-json\/wp\/v2\/pages\/409","targetHints":{"allow":["GET"]}}],"collection":[{"href":"https:\/\/www.rentacar-center.at\/en\/wp-json\/wp\/v2\/pages"}],"about":[{"href":"https:\/\/www.rentacar-center.at\/en\/wp-json\/wp\/v2\/types\/page"}],"author":[{"embeddable":true,"href":"https:\/\/www.rentacar-center.at\/en\/wp-json\/wp\/v2\/users\/1"}],"replies":[{"embeddable":true,"href":"https:\/\/www.rentacar-center.at\/en\/wp-json\/wp\/v2\/comments?post=409"}],"version-history":[{"count":0,"href":"https:\/\/www.rentacar-center.at\/en\/wp-json\/wp\/v2\/pages\/409\/revisions"}],"wp:attachment":[{"href":"https:\/\/www.rentacar-center.at\/en\/wp-json\/wp\/v2\/media?parent=409"}],"curies":[{"name":"wp","href":"https:\/\/api.w.org\/{rel}","templated":true}]}}