{"id":408,"date":"2023-05-17T18:32:10","date_gmt":"2023-05-17T16:32:10","guid":{"rendered":"https:\/\/www.rentacar-center.at\/?page_id=408"},"modified":"2023-05-18T11:21:24","modified_gmt":"2023-05-18T09:21:24","slug":"widerrufsrecht","status":"publish","type":"page","link":"https:\/\/www.rentacar-center.at\/en\/widerrufsrecht\/","title":{"rendered":"Right of withdrawal"},"content":{"rendered":"<h2>With this revocation instruction, we inform you about your right of withdrawal<\/h2>\n<p>You have the right to revoke your reservation within 14 days without giving any reasons. The withdrawal period begins after you have sent your reservation via our website.<\/p>\n<p>To exercise your right of withdrawal, you must inform us in writing of your decision to withdraw from the contract. This can be done by means of a clear statement, for example, by post or email.<\/p>\n<p>Please send the written revocation by post to:<\/p>\nRent a Car Center<br \/>\nMs. Dekaj Mendime<br \/>\nBrucker Bundesstrasse 13<br \/>\n5700 Zell am See\n<p>Alternatively, you can also send us a written revocation statement by email to office@rentacar-center.at. <a href=\"mailto:office@rentacar-center.at\">office@rentacar-center.at<\/a> senden.<\/p>\n<p>Consequences of the withdrawal<\/p>\n<p>If you withdraw from the contract, we will refund all payments we have received from you.<\/p>\n<p>For the refund, we will use the same payment method that you used for the original transaction.<\/p>","protected":false},"excerpt":{"rendered":"<p>Mit dieser Widerrufsbelehrung informieren wir Sie \u00fcber Ihr Widerrufsrecht. Sie haben das Recht, Ihre Reservierung innerhalb von 14 Tagen ohne Angabe von Gr\u00fcnden zu widerrufen. Die Widerrufsfrist beginnt nach dem Versenden Ihrer Reservierung \u00fcber unsere Website. Um von Ihrem Widerrufsrecht Gebrauch zu machen, m\u00fcssen Sie uns schriftlich \u00fcber Ihren Entschluss informieren, den Vertrag zu widerrufen. [&hellip;]<\/p>\n","protected":false},"author":1,"featured_media":0,"parent":0,"menu_order":0,"comment_status":"closed","ping_status":"closed","template":"","meta":{"_acf_changed":false,"site-sidebar-layout":"no-sidebar","site-content-layout":"page-builder","ast-site-content-layout":"default","site-content-style":"default","site-sidebar-style":"default","ast-global-header-display":"","ast-banner-title-visibility":"","ast-main-header-display":"","ast-hfb-above-header-display":"","ast-hfb-below-header-display":"","ast-hfb-mobile-header-display":"","site-post-title":"disabled","ast-breadcrumbs-content":"","ast-featured-img":"disabled","footer-sml-layout":"","ast-disable-related-posts":"","theme-transparent-header-meta":"default","adv-header-id-meta":"","stick-header-meta":"default","header-above-stick-meta":"","header-main-stick-meta":"","header-below-stick-meta":"","astra-migrate-meta-layouts":"default","ast-page-background-enabled":"default","ast-page-background-meta":{"desktop":{"background-color":"var(--ast-global-color-4)","background-image":"","background-repeat":"repeat","background-position":"center center","background-size":"auto","background-attachment":"scroll","background-type":"","background-media":"","overlay-type":"","overlay-color":"","overlay-opacity":"","overlay-gradient":""},"tablet":{"background-color":"","background-image":"","background-repeat":"repeat","background-position":"center center","background-size":"auto","background-attachment":"scroll","background-type":"","background-media":"","overlay-type":"","overlay-color":"","overlay-opacity":"","overlay-gradient":""},"mobile":{"background-color":"","background-image":"","background-repeat":"repeat","background-position":"center center","background-size":"auto","background-attachment":"scroll","background-type":"","background-media":"","overlay-type":"","overlay-color":"","overlay-opacity":"","overlay-gradient":""}},"ast-content-background-meta":{"desktop":{"background-color":"var(--ast-global-color-5)","background-image":"","background-repeat":"repeat","background-position":"center center","background-size":"auto","background-attachment":"scroll","background-type":"","background-media":"","overlay-type":"","overlay-color":"","overlay-opacity":"","overlay-gradient":""},"tablet":{"background-color":"var(--ast-global-color-5)","background-image":"","background-repeat":"repeat","background-position":"center center","background-size":"auto","background-attachment":"scroll","background-type":"","background-media":"","overlay-type":"","overlay-color":"","overlay-opacity":"","overlay-gradient":""},"mobile":{"background-color":"var(--ast-global-color-5)","background-image":"","background-repeat":"repeat","background-position":"center center","background-size":"auto","background-attachment":"scroll","background-type":"","background-media":"","overlay-type":"","overlay-color":"","overlay-opacity":"","overlay-gradient":""}},"footnotes":""},"class_list":["post-408","page","type-page","status-publish","hentry"],"acf":[],"_links":{"self":[{"href":"https:\/\/www.rentacar-center.at\/en\/wp-json\/wp\/v2\/pages\/408","targetHints":{"allow":["GET"]}}],"collection":[{"href":"https:\/\/www.rentacar-center.at\/en\/wp-json\/wp\/v2\/pages"}],"about":[{"href":"https:\/\/www.rentacar-center.at\/en\/wp-json\/wp\/v2\/types\/page"}],"author":[{"embeddable":true,"href":"https:\/\/www.rentacar-center.at\/en\/wp-json\/wp\/v2\/users\/1"}],"replies":[{"embeddable":true,"href":"https:\/\/www.rentacar-center.at\/en\/wp-json\/wp\/v2\/comments?post=408"}],"version-history":[{"count":0,"href":"https:\/\/www.rentacar-center.at\/en\/wp-json\/wp\/v2\/pages\/408\/revisions"}],"wp:attachment":[{"href":"https:\/\/www.rentacar-center.at\/en\/wp-json\/wp\/v2\/media?parent=408"}],"curies":[{"name":"wp","href":"https:\/\/api.w.org\/{rel}","templated":true}]}}