{"id":168,"date":"2023-05-11T09:06:47","date_gmt":"2023-05-11T07:06:47","guid":{"rendered":"https:\/\/www.rentacar-center.at\/?page_id=168"},"modified":"2023-05-11T15:39:48","modified_gmt":"2023-05-11T13:39:48","slug":"agb","status":"publish","type":"page","link":"https:\/\/www.rentacar-center.at\/en\/agb\/","title":{"rendered":"GTC"},"content":{"rendered":"<p>General terms and conditions (GTC) for the car rental agreement of Rent a Car Center 5700 Zell am See<\/p>\n<p><strong>1. General<\/strong><\/p>\n<p>The basis of this rental contract are exclusively the conditions listed overleaf and the following terms and conditions. At the conclusion of the lease as well as additional agreements, only written form regarding legal validity is agreed. Oral agreements have no legal effect on the requirement of written form can therefore not be deducted by oral agreement. The renter recognizes by his signature to the rental vehicle in proper condition and without defects. Furthermore, it is confirmed that the tenant and the driver of the existence of the complete tool, the completeness of the car papers, the presence of the warning triangle, the safety vest, the first aid kit and the tank has been satisfied by the lease. Fuel costs are borne by the renter and the driver.<\/p>\n<p><strong>2. Handlebar as co-tenant<\/strong><\/p>\n<p>Sofern der umseitig bezeichnete Lenker des Mietfahrzeuges mit dem Mieter nicht identisch ist, tritt er dem Vertrag als Mitmieter bei, sodass &#8211; mit dem Mieter solidarisch &#8211; ihm alle Rechte aus dem Vertrag zustehen und ihn alle Pflichten und Haftungen aus dem Vertrag treffen. Er erkl\u00e4rt vom Mieter bevollm\u00e4chtigt und beauftragt zu sein den Mietvertrag auch im Namen und auf Rechnung des Mieters abzuschlie\u00dfen.<\/p>\n<p><strong>3. International trips<\/strong><\/p>\n<p>Rides outside the Republic of Austria require the express written permission of the landlord. Foreign rides are to be announced by the renter and his authorized driver at the latest when taking over the rental vehicle to the landlord. Before a border crossing approved by the landlord, the lessee and the driver must inquire about the respective customs regulations of the Republic of Austria and the states named in the lease as well as about all special traffic regulations of the states he has traveled. In case of breach of the above mentioned agreements, the renter is in solidarity with the driver as co-tenant to the landlord for all resulting damages, especially for the loss of rent as in Paragraph 8, whereby in this case also provided for in this contract reduction of liability of the renter and the landlord becomes ineffective.<\/p>\n<p><strong>4. Special obligations of the renter and the driver<\/strong><\/p>\n<p>The renter and the driver are obliged to treat the vehicle in accordance with the intended use and to comply with all laws, ordinances and other regulations that apply to the use of a motor vehicle. The renter may only transfer the rental vehicle through the driver mentioned in the rental agreement. He must first convince himself of his ability to drive and of the existence of a properly issued and valid driver\u2019s license (which must be at least one year old) of the third party. The tenant\u2019s and the driver\u2019s duty of care include, in particular, the constant monitoring of traffic safety, the monitoring of the oil and water level as well as the protection against frottages and the tire pressure. The renter and the driver are not permitted to use the rental vehicle for towing other vehicles or for use in racing or sporting events. A load of the vehicle beyond the statutory maximum permissible total weight is prohibited. The renter and the driver must secure the rental vehicle carefully against theft. If the renter or the driver violates the provisions of clause 4, both shall pay the landlord full compensation, in particular to the extent of the relevant provisions in clause 8a. In this case, any contractually agreed liability reduction of the renter and driver becomes ineffective.<\/p>\n<p><strong>5. Rental period and return<\/strong><\/p>\n<p>The renter and the driver undertake to return the rental vehicle to the Rent a Car Center on the agreed date and place during normal business hours. The non-timely return of the rental vehicle, the vehicle documents or the vehicle key at the agreed place of return obliges the renter and the driver to replace the damage resulting from the landlord.<\/p>\n<p><strong>6. Terms of payment<\/strong><\/p>\nThe accrued rent costs as well as possible damage payments according to number 8 are due upon handover of the rental vehicle immediately for payment by the renter and the driver, damages in any case no later than written request for payment of damages by the landlord. In case of late payment 10% default interest p.a. agreed. If the rental agreement is settled by a credit card accepted by Rent a Car Center, the renter agrees that all applicable legitimate claims arising from the rental agreement can be settled or subsequently charged to the credit card company. In the event of late payment, the lessee and the driver must jointly and severally compensate for all judicial and extrajudicial costs and collection as well as the collection charges. The amount of an extrajudicial reminder will be agreed upon with a net charge of \u20ac 20, -. It is agreed that against claims of the landlord no counterclaims of the lessee and the driver can be used &lt;, unless these counterclaims are judicially established or recognized out of court. <a href =\"https:\/\/pharmaciemg.fr\/tablette\/acheter-azithromycine\/\">pharmaciemg.fr<\/a>. Die H\u00f6he einer au\u00dfergerichtlichen Mahnung wird mit netto \u20ac 20,- vereinbart. Es wird vereinbart, dass gegen Forderungen des Vermieters keine Gegenforderungen des Mieters und des Lenkers eingewendet werden< k\u00f6nnen, es sei denn, diese Gegenforderungen sind gerichtlich festgestellt oder au\u00dfergerichtlich anerkannt.\n<p><strong>7. Occurrence of damage<\/strong><\/p>\n<p>In the event of malfunction or damage to the rental vehicle of any kind, the landlord must be informed immediately and his instructions to obtain. Otherwise, the renter u. the driver the costs incurred and liable for any damage suffered by the landlord, in particular to the extent of the relevant provisions in Section 8a, in which case, any contractually agreed liability reduction of the renter and the driver is ineffective.<\/p>\n<p><strong>8. Scope of liability of the renter and the driver<\/strong><\/p>\n<p>a. &#8211; ohne Haftungsreduzierung hat der Mieter u. der Lenker keine Haftungsreduzierung vereinbart, haften beide dem Vermieter bei Eintritt von Sch\u00e4den am Mietfahrzeug (einschlie\u00dflich Parksch\u00e4den) unabh\u00e4ngig von einem Verschulden in voller H\u00f6he f\u00fcr den entstandenen Schaden. Insbesondere wird betreffend Schadenersatzforderungen des Vermieters zwischen den Vertragsparteien vereinbart, das a &#8211; im Falle einer Totalbesch\u00e4digung oder eines Totalverlustes des Mietfahrzeuges der Wiederbeschaffungswert, allf\u00e4llige Umbaukosten und An- u. Abmeldespesen.  a. b -im Falle einer Teilbesch\u00e4digung des Mietfahrzeuges die Reparaturkosten und die eingetretene Wertminderung, a. c &#8211; in beiden unter a. a und a.b genannten F\u00e4llen  Abschlepp- u. R\u00fcckholkosten, der Verdienstentgang f\u00fcr die angemessene Dauer der Wiederbeschaffung eines gleichwertigen Ersatzfahrzeuges bzw. der Reparatur des Mietfahrzeuges je Ausfalls- bzw. Stehtag in pauschalierter H\u00f6he eines Tagessatzes zum Normaltarif lt. Preisliste den Vermieters f\u00fcr das betreffende Mietfahrzeug unabh\u00e4ngig vom Nachweis eines effektiven Verdienstentganges bzw. der konkreten Vermietbarkeit des  abhanden gekommenen oder besch\u00e4digten Mietfahrzeuges durch den Vermieter, sowie alle mit der  Schadensbearbeitung dem Vermieter  entstehenden Kosten von Mieter u. von Lenker gem\u00e4\u00df Ziffer 6, an den Vermieter zu bezahlen sind. b &#8211; mit Haftungsreduzierung: Hat der Mieter und der Lenker  eine Haftungsreduzierung erworben reduziert sich die Haftung bei Besch\u00e4digung d. Mietfahrzeuges ohne R\u00fccksicht auf die Schadensursache  -durch Unfall oder sonstiger Besch\u00e4digung grunds\u00e4tzlich auf einen Betrag von netto \u20ac 590,&#8211; p. Schaden. Bei Besch\u00e4digung durch h\u00f6here Gewalt oder Diebstahls des Mietfahrzeuges betr\u00e4gt der Selbstbehalt des Mieters bzw. des Lenkers netto \u20ac 1000,&#8211;.Dar\u00fcber hinaus haften der Mieter und der Lenker dem Vermieter in voller Schadensh\u00f6he &#8211; unter  Anrechnung des o. angef\u00fchrten Selbstbehaltes &#8211; bei Vorliegen von Vorsatz, grober Fahrl\u00e4ssigkeit, Falschbetankung, Fahrunt\u00fcchtigkeit (wie z.B. Alkohol- oder Drogeneinfluss, \u00dcberm\u00fcdung etc.), Unfallflucht, Nichtbeachtung der Gesamth\u00f6he des Mietfahrzeuges u. Sch\u00e4den im Innenraum. In diesen F\u00e4llen hat der Mieter auch die daraus resultierenden Folgesch\u00e4den &#8211; wie Wertminderung, Mietausfall, Berge-,Abschlepp- u. \u00dcberstellungskosten, beh\u00f6rdlichen Ab- u. Anmeldekosten sowie Allgemeine Unkosten dem Vermieter zu ersetzen. Keinesfalls unterliegt das Mietvertragsverh\u00e4ltnis allgemeinen Kfz-Kaskobedingungen.<\/p>\n<p><strong>9. Special obligations of the renter and the driver in case of damage<\/strong><\/p>\n<p>In case of an accident or theft, the Rental Company must be notified immediately by telephone u. then he must be given a truthful written account of the course of the accident. For the determination of the damage facts is immediately, immediately after d. Claiming damages, to call in the police u. insist that the claim be taken by the police, even if another casualty is absent.<\/p>\n<p><strong>10. Place of performance and jurisdiction<\/strong><\/p>\n<p> The place of performance for all services under this contract is BG Zell am See.<\/p>","protected":false},"excerpt":{"rendered":"<p>Allgemeine Gesch\u00e4fts- und Zahlungsbedingungen (AGB) zum Kraftfahrzeug-Mietvertrag des Rent a Car Center 5700 Zell am See 1. Allgemeines Grundlage dieses Mietvertrages sind ausschlie\u00dflich die umseitig angef\u00fchrten und die folgenden Vertragsbedingungen. Zum Abschluss des Mietvertrages sowie von Zusatzvereinbarungen gilt ausschlie\u00dflich Schriftform zur Rechtsg\u00fcltigkeit vereinbart. M\u00fcndliche Vereinbarungen haben keine Rechtswirksamkeit vom Erfordernis der Schriftlichkeit kann daher auch [&hellip;]<\/p>\n","protected":false},"author":1,"featured_media":0,"parent":0,"menu_order":0,"comment_status":"closed","ping_status":"closed","template":"","meta":{"_acf_changed":false,"site-sidebar-layout":"no-sidebar","site-content-layout":"page-builder","ast-site-content-layout":"default","site-content-style":"default","site-sidebar-style":"default","ast-global-header-display":"","ast-banner-title-visibility":"","ast-main-header-display":"","ast-hfb-above-header-display":"","ast-hfb-below-header-display":"","ast-hfb-mobile-header-display":"","site-post-title":"disabled","ast-breadcrumbs-content":"","ast-featured-img":"disabled","footer-sml-layout":"","ast-disable-related-posts":"","theme-transparent-header-meta":"default","adv-header-id-meta":"","stick-header-meta":"default","header-above-stick-meta":"","header-main-stick-meta":"","header-below-stick-meta":"","astra-migrate-meta-layouts":"default","ast-page-background-enabled":"default","ast-page-background-meta":{"desktop":{"background-color":"var(--ast-global-color-4)","background-image":"","background-repeat":"repeat","background-position":"center center","background-size":"auto","background-attachment":"scroll","background-type":"","background-media":"","overlay-type":"","overlay-color":"","overlay-opacity":"","overlay-gradient":""},"tablet":{"background-color":"","background-image":"","background-repeat":"repeat","background-position":"center center","background-size":"auto","background-attachment":"scroll","background-type":"","background-media":"","overlay-type":"","overlay-color":"","overlay-opacity":"","overlay-gradient":""},"mobile":{"background-color":"","background-image":"","background-repeat":"repeat","background-position":"center center","background-size":"auto","background-attachment":"scroll","background-type":"","background-media":"","overlay-type":"","overlay-color":"","overlay-opacity":"","overlay-gradient":""}},"ast-content-background-meta":{"desktop":{"background-color":"var(--ast-global-color-5)","background-image":"","background-repeat":"repeat","background-position":"center center","background-size":"auto","background-attachment":"scroll","background-type":"","background-media":"","overlay-type":"","overlay-color":"","overlay-opacity":"","overlay-gradient":""},"tablet":{"background-color":"var(--ast-global-color-5)","background-image":"","background-repeat":"repeat","background-position":"center center","background-size":"auto","background-attachment":"scroll","background-type":"","background-media":"","overlay-type":"","overlay-color":"","overlay-opacity":"","overlay-gradient":""},"mobile":{"background-color":"var(--ast-global-color-5)","background-image":"","background-repeat":"repeat","background-position":"center center","background-size":"auto","background-attachment":"scroll","background-type":"","background-media":"","overlay-type":"","overlay-color":"","overlay-opacity":"","overlay-gradient":""}},"footnotes":""},"class_list":["post-168","page","type-page","status-publish","hentry"],"acf":[],"_links":{"self":[{"href":"https:\/\/www.rentacar-center.at\/en\/wp-json\/wp\/v2\/pages\/168","targetHints":{"allow":["GET"]}}],"collection":[{"href":"https:\/\/www.rentacar-center.at\/en\/wp-json\/wp\/v2\/pages"}],"about":[{"href":"https:\/\/www.rentacar-center.at\/en\/wp-json\/wp\/v2\/types\/page"}],"author":[{"embeddable":true,"href":"https:\/\/www.rentacar-center.at\/en\/wp-json\/wp\/v2\/users\/1"}],"replies":[{"embeddable":true,"href":"https:\/\/www.rentacar-center.at\/en\/wp-json\/wp\/v2\/comments?post=168"}],"version-history":[{"count":0,"href":"https:\/\/www.rentacar-center.at\/en\/wp-json\/wp\/v2\/pages\/168\/revisions"}],"wp:attachment":[{"href":"https:\/\/www.rentacar-center.at\/en\/wp-json\/wp\/v2\/media?parent=168"}],"curies":[{"name":"wp","href":"https:\/\/api.w.org\/{rel}","templated":true}]}}