{"id":165,"date":"2023-05-11T08:53:56","date_gmt":"2023-05-11T06:53:56","guid":{"rendered":"https:\/\/www.rentacar-center.at\/?page_id=165"},"modified":"2023-05-11T15:43:39","modified_gmt":"2023-05-11T13:43:39","slug":"impressum","status":"publish","type":"page","link":"https:\/\/www.rentacar-center.at\/en\/impressum\/","title":{"rendered":"Imprint"},"content":{"rendered":"Gesch\u00e4ftsf\u00fchrer:\nFrau Dekaj Mendime\nAdresse:\nBrucker Bundesstrasse 13<br \/>\n5700 Zell am See<br \/>\n\u00d6sterreich\nMobil:\n+43 660 275 9239\nE-Mail:\n<a href=\"mailto:office@rentacar-center.at\">office@rentacar-center.at<\/a>\nRechtsform:\nEinzelunternehmen\nUID Nr.:\nATU69726424\nUnternehmensgegenstand:\nVermieten von KFZ\nGerichtsstand:\nBG Zell am See\nMitglied:\nWKO &#8211; Zell am See\nVerantwortlich f\u00fcr Inhalt sowie Konzeption, Bilder und Texte:\nFrau Dekaj Mendime\nBildernachweis:\nFrau Dekaj Mendime, <a href=\"http:\/\/freepik.com\" target=\"_blank\" rel=\"noopener\">freepik.com<\/a>, <a href=\"https:\/\/pixabay.com\/\" target=\"_blank\" rel=\"noopener\">pixabay.com<\/a> und <a href=\"http:\/\/flaticon.com\" target=\"_blank\" rel=\"noopener\">flaticon.com<\/a>","protected":false},"excerpt":{"rendered":"<p>Gesch\u00e4ftsf\u00fchrer: Frau Dekaj Mendime Adresse: Brucker Bundesstrasse 13 5700 Zell am See \u00d6sterreich Mobil: +43 660 275 9239 E-Mail: office@rentacar-center.at Rechtsform: Einzelunternehmen UID Nr.: ATU69726424 Unternehmensgegenstand: Vermieten von KFZ Gerichtsstand: BG Zell am See Mitglied: WKO &#8211; Zell am See Verantwortlich f\u00fcr Inhalt sowie Konzeption, Bilder und Texte: Frau Dekaj Mendime Bildernachweis: Frau Dekaj Mendime, [&hellip;]<\/p>\n","protected":false},"author":1,"featured_media":0,"parent":0,"menu_order":0,"comment_status":"closed","ping_status":"closed","template":"","meta":{"_acf_changed":false,"site-sidebar-layout":"default","site-content-layout":"page-builder","ast-site-content-layout":"default","site-content-style":"default","site-sidebar-style":"default","ast-global-header-display":"","ast-banner-title-visibility":"","ast-main-header-display":"","ast-hfb-above-header-display":"","ast-hfb-below-header-display":"","ast-hfb-mobile-header-display":"","site-post-title":"disabled","ast-breadcrumbs-content":"","ast-featured-img":"disabled","footer-sml-layout":"","ast-disable-related-posts":"","theme-transparent-header-meta":"default","adv-header-id-meta":"","stick-header-meta":"default","header-above-stick-meta":"","header-main-stick-meta":"","header-below-stick-meta":"","astra-migrate-meta-layouts":"default","ast-page-background-enabled":"default","ast-page-background-meta":{"desktop":{"background-color":"var(--ast-global-color-4)","background-image":"","background-repeat":"repeat","background-position":"center center","background-size":"auto","background-attachment":"scroll","background-type":"","background-media":"","overlay-type":"","overlay-color":"","overlay-opacity":"","overlay-gradient":""},"tablet":{"background-color":"","background-image":"","background-repeat":"repeat","background-position":"center center","background-size":"auto","background-attachment":"scroll","background-type":"","background-media":"","overlay-type":"","overlay-color":"","overlay-opacity":"","overlay-gradient":""},"mobile":{"background-color":"","background-image":"","background-repeat":"repeat","background-position":"center center","background-size":"auto","background-attachment":"scroll","background-type":"","background-media":"","overlay-type":"","overlay-color":"","overlay-opacity":"","overlay-gradient":""}},"ast-content-background-meta":{"desktop":{"background-color":"var(--ast-global-color-5)","background-image":"","background-repeat":"repeat","background-position":"center center","background-size":"auto","background-attachment":"scroll","background-type":"","background-media":"","overlay-type":"","overlay-color":"","overlay-opacity":"","overlay-gradient":""},"tablet":{"background-color":"var(--ast-global-color-5)","background-image":"","background-repeat":"repeat","background-position":"center center","background-size":"auto","background-attachment":"scroll","background-type":"","background-media":"","overlay-type":"","overlay-color":"","overlay-opacity":"","overlay-gradient":""},"mobile":{"background-color":"var(--ast-global-color-5)","background-image":"","background-repeat":"repeat","background-position":"center center","background-size":"auto","background-attachment":"scroll","background-type":"","background-media":"","overlay-type":"","overlay-color":"","overlay-opacity":"","overlay-gradient":""}},"footnotes":""},"class_list":["post-165","page","type-page","status-publish","hentry"],"acf":[],"_links":{"self":[{"href":"https:\/\/www.rentacar-center.at\/en\/wp-json\/wp\/v2\/pages\/165","targetHints":{"allow":["GET"]}}],"collection":[{"href":"https:\/\/www.rentacar-center.at\/en\/wp-json\/wp\/v2\/pages"}],"about":[{"href":"https:\/\/www.rentacar-center.at\/en\/wp-json\/wp\/v2\/types\/page"}],"author":[{"embeddable":true,"href":"https:\/\/www.rentacar-center.at\/en\/wp-json\/wp\/v2\/users\/1"}],"replies":[{"embeddable":true,"href":"https:\/\/www.rentacar-center.at\/en\/wp-json\/wp\/v2\/comments?post=165"}],"version-history":[{"count":0,"href":"https:\/\/www.rentacar-center.at\/en\/wp-json\/wp\/v2\/pages\/165\/revisions"}],"wp:attachment":[{"href":"https:\/\/www.rentacar-center.at\/en\/wp-json\/wp\/v2\/media?parent=165"}],"curies":[{"name":"wp","href":"https:\/\/api.w.org\/{rel}","templated":true}]}}